{"id":1074,"date":"2023-07-05T22:00:23","date_gmt":"2023-07-05T22:00:23","guid":{"rendered":"https:\/\/www.oldarte.com\/?page_id=1074"},"modified":"2024-01-18T18:21:48","modified_gmt":"2024-01-18T18:21:48","slug":"calligraphes-drawings","status":"publish","type":"page","link":"https:\/\/www.oldarte.com\/index.php\/calligraphes-drawings\/","title":{"rendered":"Calligraphes &#038; Drawings"},"content":{"rendered":"<p><\/p>\n<h2 style=\"text-align: center;\">CALLIGRAPHES &amp; DRAWINGS.<\/h2>\n<p><\/p>\n<h5 style=\"text-align: center;\"><strong>CALLIGRAPH STUDENT WORKS 1<\/strong><\/h5>\n<p><\/p>\n<p style=\"text-align: center;\">Homework done by scribbling technique between calligrapher and student.<br \/>34x66cm<\/p>\n<p><\/p>\n<p style=\"text-align: center;\">EVE004323T<\/p>\n<p><\/p>\n<h5 style=\"text-align: center;\"><strong>CALLIGRAPH <\/strong><strong>STUDENT WORKS 2<\/strong><\/h5>\n<p><\/p>\n<p style=\"text-align: center;\">Homework done by scribbling technique between calligrapher and student.<br \/>34x66cm<\/p>\n<p><\/p>\n<p style=\"text-align: center;\">EVE005323T<\/p>\n<p><\/p>\n<h5 style=\"text-align: center;\"><strong>KITA TEZHIP ON MURAKKA<\/strong><\/h5>\n<p style=\"text-align: center;\">28&#215;36<\/p>\n<p><\/p>\n<h6 style=\"text-align: center;\"><strong>CALLIGRAPH\u00a0<\/strong><strong> <\/strong><strong>STUDENT WORK LIGHT GREEN BACKGROUND #1<\/strong><\/h6>\n<p><\/p>\n<p style=\"text-align: center;\">10&#215;19 cm<\/p>\n<p><\/p>\n<h6 style=\"text-align: center;\"><strong>CALLIGRAPH <\/strong><strong>STUDENT WORK LIGHT GREEN BACKGROUND #2<\/strong><\/h6>\n<p style=\"text-align: center;\">13&#215;18 cm<\/p>\n<p><\/p>\n<h6 style=\"text-align: center;\"><strong>CALLIGRAPH <\/strong><strong>STUDENT WORK LIGHT GREEN BACKGROUND #3<\/strong><\/h6>\n<p style=\"text-align: center;\">13&#215;11 cm<\/p>\n<p><\/p>\n<h6 style=\"text-align: center;\"><strong>CALLIGRAPH <\/strong><strong>STUDENT WORK LIGHT GREEN BACKGROUND #4<\/strong><\/h6>\n<p style=\"text-align: center;\">12&#215;12 cm<\/p>\n<p><\/p>\n<h6 style=\"text-align: center;\"><strong>CALLIGRAPH\u00a0 <\/strong><strong>STUDENT WORK LIGHT GREEN BACKGROUND #5<\/strong><\/h6>\n<h6 style=\"text-align: center;\"><span style=\"text-decoration: underline;\">WITH FRONT AND BACK<\/span><\/h6>\n<p style=\"text-align: center;\">10&#215;19 cm<\/p>\n<p><\/p>\n<h6 style=\"text-align: center;\"><strong>CALLIGRAPH <\/strong><strong>STUDENT WORK LIGHT GREEN BACKGROUND #6<\/strong><\/h6>\n<p style=\"text-align: center;\">10&#215;19 cm<\/p>\n<p><\/p>\n<h6 style=\"text-align: center;\"><strong>CALLIGRAPH <\/strong><strong>STUDENT WORK LIGHT GREEN BACKGROUND #7<\/strong><\/h6>\n<p style=\"text-align: center;\">12&#215;19 cm<\/p>\n<p><\/p>\n<h6 style=\"text-align: center;\"><strong>CALLIGRAPH <\/strong><strong>WITH GREEN BACKGROUND<\/strong><\/h6>\n<h6 style=\"text-align: center;\"><strong>SAY SIGNED<\/strong><\/h6>\n<p><\/p>\n<p style=\"text-align: center;\">17&#215;25 cm<\/p>\n<p><\/p>\n<h6 style=\"text-align: center;\"><strong>CALLIGRAPH<\/strong><\/h6>\n<h6 style=\"text-align: center;\"><strong>WITH BEIGE BACKGROUND #1<\/strong><\/h6>\n<p style=\"text-align: center;\">15&#215;18 CM<\/p>\n<p><\/p>\n<h6 style=\"text-align: center;\"><strong>CALLIGRAPH <\/strong><strong>WITH BEIGE BACKGROUND SIGNED BY SAY<\/strong><\/h6>\n<p style=\"text-align: center;\">12&#215;13 cm<\/p>\n<p><\/p>\n<h6 style=\"text-align: center;\"><strong>CALLIGRAPH <\/strong><strong>WITH BEIGE BACKGROUND #2<\/strong><\/h6>\n<p style=\"text-align: center;\">11&#215;20 cm<\/p>\n<p><\/p>\n<h6 style=\"text-align: center;\"><strong>CALLIGRAPH <\/strong><strong>WITH BEIGE BACKGROUND #3<\/strong><\/h6>\n<p style=\"text-align: center;\">10&#215;22 cm<\/p>\n<p><\/p>\n<h6 style=\"text-align: center;\"><strong>CALLIGRAPH <\/strong><strong>WITH BEIGE BACKGROUND #4<\/strong><\/h6>\n<p style=\"text-align: center;\">17&#215;15 cm<\/p>\n<p><\/p>\n<h6 style=\"text-align: center;\"><strong>CALLIGRAPH <\/strong><strong>WITH BEIGE BACKGROUND #5<\/strong><\/h6>\n<h6 style=\"text-align: center;\"><strong><span style=\"text-decoration: underline;\">WITH FRONT AND BACK<\/span><\/strong><\/h6>\n<p style=\"text-align: center;\">15&#215;13 cm<\/p>\n<p><\/p>\n<h6 style=\"text-align: center;\"><strong>CALLIGRAPH <\/strong><strong>WITH BEIGE BACKGROUND #6<\/strong><\/h6>\n<p style=\"text-align: center;\">14&#215;12 cm<\/p>\n<p><\/p>\n<h6 style=\"text-align: center;\"><strong>CALLIGRAPH <\/strong><strong>WITH BEIGE BACKGROUND #7<\/strong><\/h6>\n<p style=\"text-align: center;\">14&#215;12 cm<\/p>\n<p><\/p>\n<h6 style=\"text-align: center;\"><strong>CALLIGRAPH <\/strong><strong>WITH BEIGE BACKGROUND #8<\/strong><\/h6>\n<p style=\"text-align: center;\">14&#215;13 cm<\/p>\n<p><\/p>\n<h6 style=\"text-align: center;\"><strong>CALLIGRAPH <\/strong><strong>WITH BEIGE BACKGROUND #9<\/strong><\/h6>\n<p style=\"text-align: center;\">12&#215;20 cm<\/p>\n<p><\/p>\n<h6 style=\"text-align: center;\"><strong>CALLIGRAPH <\/strong><strong>WITH BEIGE BACKGROUND #10<\/strong><\/h6>\n<h6 style=\"text-align: center;\"><strong><span style=\"text-decoration: underline;\">WITH FRONT AND BACK<\/span><\/strong><\/h6>\n<p style=\"text-align: center;\">21&#215;14 cm<\/p>\n<p><\/p>\n<h6 style=\"text-align: center;\"><strong>CALLIGRAPH <\/strong><strong>WITH MARBLE BACKGROUND #1<\/strong><\/h6>\n<p style=\"text-align: center;\">22&#215;12 cm<\/p>\n<p><\/p>\n<h6 style=\"text-align: center;\"><strong>CALLIGRAPH WITH MARBLE BACKGROUND #2<\/strong><\/h6>\n<p style=\"text-align: center;\">11&#215;17 cm<\/p>\n<p><\/p>\n<h6 style=\"text-align: center;\"><strong>CALLIGRAPH WITH YELLOW BACKGROUND<\/strong><\/h6>\n<p style=\"text-align: center;\">10&#215;22 cm<\/p>\n<p><\/p>\n<h6 style=\"text-align: center;\"><strong>CALLIGRAPH SCRIBBLE ON CARDBOARD #1<\/strong><\/h6>\n<p style=\"text-align: center;\">19&#215;27 cm<\/p>\n<p><\/p>\n<h6 style=\"text-align: center;\"><strong>CALLIGRAPH\u00a0 SCRIBBLE ON CARDBOARD #2<\/strong><\/h6>\n<p style=\"text-align: center;\">15&#215;23 cm<\/p>\n<p><\/p>\n<h6 style=\"text-align: center;\"><strong>CALLIGRAPH SCRIBBLE <\/strong><strong>WITHOUT CARDBOARD<\/strong><\/h6>\n<p style=\"text-align: center;\">26&#215;34 cm<\/p>\n<p><\/p>\n<h6 style=\"text-align: center;\"><strong>CALIGRAPH<\/strong><\/h6>\n<h6 style=\"text-align: center;\"><strong>&#8221;Bismillahirrahmanirahim&#8221;<\/strong><\/h6>\n<p style=\"text-align: center;\">23&#215;45 cm<\/p>\n<p><\/p>\n<h6 style=\"text-align: center;\"><strong>CALIGRAPH<\/strong><\/h6>\n<h6 style=\"text-align: center;\"><strong>SIGNED BY CELI DIVANI<\/strong><\/h6>\n<h6 style=\"text-align: center;\"><strong>A Word of Hazrat Ali<\/strong><\/h6>\n<p style=\"text-align: center;\">&#8221;Men allemeni harfenfekad sayaraniabden&#8221;<\/p>\n<p style=\"text-align: center;\">\u201cTeach me a letter, I\u2019ll be a slave for forty years\u201d<\/p>\n<p style=\"text-align: center;\">22&#215;34 cm<\/p>\n<p><\/p>\n<h6 style=\"text-align: center;\"><strong>CALIGRAPH<\/strong><\/h6>\n<h6 style=\"text-align: center;\"><strong>ESMA UL HUSNA &#8221;Ya Vekil&#8221;<\/strong><\/h6>\n<p style=\"text-align: center;\">20&#215;20 cm<\/p>\n<p><\/p>\n<h6 style=\"text-align: center;\"><strong>CALIGRAPH<\/strong><\/h6>\n<h6 style=\"text-align: center;\"><strong>&#8221;Elhamdulillah&#8221;<\/strong><\/h6>\n<p style=\"text-align: center;\">23&#215;23 cm<\/p>\n<p><\/p>\n<h6 style=\"text-align: center;\"><strong>CALIGRAPH<\/strong><\/h6>\n<h6 style=\"text-align: center;\"><strong>The Doomsday Book &#8211; Part 36<\/strong><\/h6>\n<h6 style=\"text-align: center;\"><strong>SIGNED BY HUSEYIN OKSUZ<\/strong><\/h6>\n<p style=\"text-align: center;\">&#8221;Insan kendisinin basi bos birakilacagini mi sanir&#8221;<\/p>\n<p style=\"text-align: center;\">\u201cDoes a man think he will be alone?\u201d<br \/>H\u00fcseyin \u00d6ks\u00fcz is the student of Hamit Ayta\u00e7.<\/p>\n<p style=\"text-align: center;\">12&#215;35 cm<\/p>\n<p><\/p>\n<h6 style=\"text-align: center;\"><strong>CALIGRAPH<\/strong><\/h6>\n<h6 style=\"text-align: center;\"><strong>&#8221;Prophed Muhammed&#8221;<\/strong><\/h6>\n<p style=\"text-align: center;\">7&#215;7 cm<\/p>\n<p><\/p>\n<h6 style=\"text-align: center;\"><strong>&#8221;\u00c7\u0130\u00c7EKL\u0130 EBRU&#8221;<\/strong><\/h6>\n<h6 style=\"text-align: center;\"><strong>MARBLE ON PAPER<\/strong><\/h6>\n<h6 style=\"text-align: center;\"><strong>BY FUAT BASAR<\/strong><\/h6>\n<p style=\"text-align: center;\">35&#215;28 cm<\/p>\n<p><\/p>\n<h6 style=\"text-align: center;\"><strong>MARBLE ON PAPER #1<\/strong><\/h6>\n<h6 style=\"text-align: center;\"><strong>BY FUAT BASAR<\/strong><\/h6>\n<p style=\"text-align: center;\">46&#215;31 cm<\/p>\n<p><\/p>\n<h6 style=\"text-align: center;\"><strong>MARBLE ON PAPER #2<\/strong><\/h6>\n<h6 style=\"text-align: center;\"><strong>BY FUAT BASAR<\/strong><\/h6>\n<p style=\"text-align: center;\">49x33cm<\/p>\n<p><\/p>\n<h6 style=\"text-align: center;\"><strong>GILING PROCESSING<\/strong><\/h6>\n<p style=\"text-align: center;\">Plated gold tezhip on zerefsan<\/p>\n<p><\/p>\n<h6 style=\"text-align: center;\"><strong>KUFI BESMELE<\/strong><\/h6>\n<p style=\"text-align: center;\">Kufi Besmele on ebru ground with bamboo imitation. Frame wood<br \/>Emine Verim Eskikoy<\/p>\n<p><\/p>\n<h6 style=\"text-align: center;\"><strong>CALLIGRAPH <\/strong><strong>WORK WITH GOLD ON WOOD PANEL<\/strong><\/h6>\n<p><\/p>\n<p style=\"text-align: center;\">24 carat gold on wood<br \/>29&#215;30 cm<\/p>\n<p><\/p>\n<p style=\"text-align: center;\">EVE014323T<\/p>\n<p><\/p>\n<h4 style=\"text-align: center;\"><strong>Basmalah EmbroIdery<\/strong><\/h4>\n<p><\/p>\n<p style=\"text-align: center;\">The gilded basmalah tugra made with different type plate of gold on zerefsan floor<br \/>signed<br \/>28&#215;36 cm<\/p>\n<p><\/p>\n<p style=\"text-align: center;\">EVE023323T<\/p>\n<p><\/p>\n<h4>BEDR\u0130 RAHM\u0130 EY\u00dcPO\u011eLU<br \/>OrIgInal prInt on fabrIc<\/h4>\n<p><\/p>\n<p style=\"text-align: center;\">-Signed-<br \/>1911-1975<br \/>30x35cm<\/p>\n<p><\/p>\n<p style=\"text-align: center;\">EVE020323T<\/p>\n<p><\/p>\n<h4>BEDR\u0130 RAHM\u0130 EY\u00dcPO\u011eLU<br \/>OrIgInal prInt on fabrIc<\/h4>\n<p><\/p>\n<p style=\"text-align: center;\">32x54cm<\/p>\n<p><\/p>\n<p style=\"text-align: center;\">EVE019323T<\/p>\n<p><\/p>\n<h4>Stork and Season Tree<\/h4>\n<p><\/p>\n<p style=\"text-align: center;\">Oil on Canvas<br \/>Emine Verim Eskik\u00f6y<\/p>\n<p><\/p>\n<p style=\"text-align: center;\">EVE016323T<\/p>\n<p><\/p>\n<h4>ANGELS<\/h4>\n<p><\/p>\n<p style=\"text-align: center;\">Musa Tug<br \/>Oil on canvas<\/p>\n<p><\/p>\n<p style=\"text-align: center;\">EVE015323T<\/p>\n<p><\/p>\n<h4>MARBLE IMITATION<\/h4>\n<p><\/p>\n<p style=\"text-align: center;\">Emine Verim Eskik\u00f6y<br \/>Oil on canvas<\/p>\n<p><\/p>\n<p style=\"text-align: center;\">EVE017323T<\/p>\n<p><\/p>\n<p>Adalar B\u00fcy\u00fckada &#8211; Istanbul \/ Turkey<\/p>\n<p>Ormond Quay Lower Dublin 1 \/ Ireland<\/p>\n<p><span>London \/ UK<\/span><\/p>\n<p>&nbsp;<\/p>\n<p><\/p>\n<p><span>gallery<\/span>@oldarte.com<\/p>\n<p>instagram<\/p>\n","protected":false},"excerpt":{"rendered":"<p>CALLIGRAPHES &amp; DRAWINGS.CALLIGRAPH STUDENT WORKS 1Homework done by scribbling technique between calligrapher and student.34x66cmEVE004323TCALLIGRAPH STUDENT WORKS 2Homework done by scribbling technique between calligrapher and student.34x66cmEVE005323TKITA TEZHIP ON MURAKKA 28x36CALLIGRAPH\u00a0 STUDENT WORK LIGHT GREEN BACKGROUND #110&#215;19 cmCALLIGRAPH STUDENT WORK LIGHT GREEN BACKGROUND #2 13&#215;18 cmCALLIGRAPH STUDENT WORK LIGHT GREEN BACKGROUND #3 13&#215;11 cmCALLIGRAPH STUDENT WORK LIGHT [&hellip;]<\/p>\n","protected":false},"author":3,"featured_media":0,"parent":0,"menu_order":0,"comment_status":"closed","ping_status":"closed","template":"","meta":{"_et_pb_use_builder":"on","_et_pb_old_content":"","_et_gb_content_width":"","footnotes":""},"yoast_head":"<!-- This site is optimized with the Yoast SEO plugin v21.7 - https:\/\/yoast.com\/wordpress\/plugins\/seo\/ -->\n<title>Calligraphes &amp; Drawings - OldArte<\/title>\n<meta name=\"robots\" content=\"index, follow, max-snippet:-1, max-image-preview:large, max-video-preview:-1\" \/>\n<link rel=\"canonical\" href=\"https:\/\/www.oldarte.com\/index.php\/calligraphes-drawings\/\" \/>\n<meta property=\"og:locale\" content=\"tr_TR\" \/>\n<meta property=\"og:type\" content=\"article\" \/>\n<meta property=\"og:title\" content=\"Calligraphes &amp; Drawings - OldArte\" \/>\n<meta property=\"og:description\" content=\"CALLIGRAPHES &amp; DRAWINGS.CALLIGRAPH STUDENT WORKS 1Homework done by scribbling technique between calligrapher and student.34x66cmEVE004323TCALLIGRAPH STUDENT WORKS 2Homework done by scribbling technique between calligrapher and student.34x66cmEVE005323TKITA TEZHIP ON MURAKKA 28x36CALLIGRAPH\u00a0 STUDENT WORK LIGHT GREEN BACKGROUND #110x19 cmCALLIGRAPH STUDENT WORK LIGHT GREEN BACKGROUND #2 13x18 cmCALLIGRAPH STUDENT WORK LIGHT GREEN BACKGROUND #3 13x11 cmCALLIGRAPH STUDENT WORK LIGHT [&hellip;]\" \/>\n<meta property=\"og:url\" content=\"https:\/\/www.oldarte.com\/index.php\/calligraphes-drawings\/\" \/>\n<meta property=\"og:site_name\" content=\"OldArte\" \/>\n<meta property=\"article:modified_time\" content=\"2024-01-18T18:21:48+00:00\" \/>\n<meta name=\"twitter:card\" content=\"summary_large_image\" \/>\n<script type=\"application\/ld+json\" class=\"yoast-schema-graph\">{\"@context\":\"https:\/\/schema.org\",\"@graph\":[{\"@type\":\"WebPage\",\"@id\":\"https:\/\/www.oldarte.com\/index.php\/calligraphes-drawings\/\",\"url\":\"https:\/\/www.oldarte.com\/index.php\/calligraphes-drawings\/\",\"name\":\"Calligraphes & Drawings - OldArte\",\"isPartOf\":{\"@id\":\"https:\/\/www.oldarte.com\/#website\"},\"datePublished\":\"2023-07-05T22:00:23+00:00\",\"dateModified\":\"2024-01-18T18:21:48+00:00\",\"breadcrumb\":{\"@id\":\"https:\/\/www.oldarte.com\/index.php\/calligraphes-drawings\/#breadcrumb\"},\"inLanguage\":\"tr\",\"potentialAction\":[{\"@type\":\"ReadAction\",\"target\":[\"https:\/\/www.oldarte.com\/index.php\/calligraphes-drawings\/\"]}]},{\"@type\":\"BreadcrumbList\",\"@id\":\"https:\/\/www.oldarte.com\/index.php\/calligraphes-drawings\/#breadcrumb\",\"itemListElement\":[{\"@type\":\"ListItem\",\"position\":1,\"name\":\"Anasayfa\",\"item\":\"https:\/\/www.oldarte.com\/\"},{\"@type\":\"ListItem\",\"position\":2,\"name\":\"Calligraphes &#038; Drawings\"}]},{\"@type\":\"WebSite\",\"@id\":\"https:\/\/www.oldarte.com\/#website\",\"url\":\"https:\/\/www.oldarte.com\/\",\"name\":\"OldArte Restorations\",\"description\":\"Restorations, Art, Antiques &amp; Auctions\",\"publisher\":{\"@id\":\"https:\/\/www.oldarte.com\/#organization\"},\"potentialAction\":[{\"@type\":\"SearchAction\",\"target\":{\"@type\":\"EntryPoint\",\"urlTemplate\":\"https:\/\/www.oldarte.com\/?s={search_term_string}\"},\"query-input\":\"required name=search_term_string\"}],\"inLanguage\":\"tr\"},{\"@type\":\"Organization\",\"@id\":\"https:\/\/www.oldarte.com\/#organization\",\"name\":\"Restoration, Art, Antiques & Auctions\",\"url\":\"https:\/\/www.oldarte.com\/\",\"logo\":{\"@type\":\"ImageObject\",\"inLanguage\":\"tr\",\"@id\":\"https:\/\/www.oldarte.com\/#\/schema\/logo\/image\/\",\"url\":\"https:\/\/www.oldarte.com\/wp-content\/uploads\/2023\/05\/simurg.png\",\"contentUrl\":\"https:\/\/www.oldarte.com\/wp-content\/uploads\/2023\/05\/simurg.png\",\"width\":1350,\"height\":625,\"caption\":\"Restoration, Art, Antiques & Auctions\"},\"image\":{\"@id\":\"https:\/\/www.oldarte.com\/#\/schema\/logo\/image\/\"},\"sameAs\":[\"https:\/\/www.instagram.com\/oldarteofficial\/\"]}]}<\/script>\n<!-- \/ Yoast SEO plugin. -->","yoast_head_json":{"title":"Calligraphes & Drawings - OldArte","robots":{"index":"index","follow":"follow","max-snippet":"max-snippet:-1","max-image-preview":"max-image-preview:large","max-video-preview":"max-video-preview:-1"},"canonical":"https:\/\/www.oldarte.com\/index.php\/calligraphes-drawings\/","og_locale":"tr_TR","og_type":"article","og_title":"Calligraphes & Drawings - OldArte","og_description":"CALLIGRAPHES &amp; DRAWINGS.CALLIGRAPH STUDENT WORKS 1Homework done by scribbling technique between calligrapher and student.34x66cmEVE004323TCALLIGRAPH STUDENT WORKS 2Homework done by scribbling technique between calligrapher and student.34x66cmEVE005323TKITA TEZHIP ON MURAKKA 28x36CALLIGRAPH\u00a0 STUDENT WORK LIGHT GREEN BACKGROUND #110x19 cmCALLIGRAPH STUDENT WORK LIGHT GREEN BACKGROUND #2 13x18 cmCALLIGRAPH STUDENT WORK LIGHT GREEN BACKGROUND #3 13x11 cmCALLIGRAPH STUDENT WORK LIGHT [&hellip;]","og_url":"https:\/\/www.oldarte.com\/index.php\/calligraphes-drawings\/","og_site_name":"OldArte","article_modified_time":"2024-01-18T18:21:48+00:00","twitter_card":"summary_large_image","schema":{"@context":"https:\/\/schema.org","@graph":[{"@type":"WebPage","@id":"https:\/\/www.oldarte.com\/index.php\/calligraphes-drawings\/","url":"https:\/\/www.oldarte.com\/index.php\/calligraphes-drawings\/","name":"Calligraphes & Drawings - OldArte","isPartOf":{"@id":"https:\/\/www.oldarte.com\/#website"},"datePublished":"2023-07-05T22:00:23+00:00","dateModified":"2024-01-18T18:21:48+00:00","breadcrumb":{"@id":"https:\/\/www.oldarte.com\/index.php\/calligraphes-drawings\/#breadcrumb"},"inLanguage":"tr","potentialAction":[{"@type":"ReadAction","target":["https:\/\/www.oldarte.com\/index.php\/calligraphes-drawings\/"]}]},{"@type":"BreadcrumbList","@id":"https:\/\/www.oldarte.com\/index.php\/calligraphes-drawings\/#breadcrumb","itemListElement":[{"@type":"ListItem","position":1,"name":"Anasayfa","item":"https:\/\/www.oldarte.com\/"},{"@type":"ListItem","position":2,"name":"Calligraphes &#038; Drawings"}]},{"@type":"WebSite","@id":"https:\/\/www.oldarte.com\/#website","url":"https:\/\/www.oldarte.com\/","name":"OldArte Restorations","description":"Restorations, Art, Antiques &amp; Auctions","publisher":{"@id":"https:\/\/www.oldarte.com\/#organization"},"potentialAction":[{"@type":"SearchAction","target":{"@type":"EntryPoint","urlTemplate":"https:\/\/www.oldarte.com\/?s={search_term_string}"},"query-input":"required name=search_term_string"}],"inLanguage":"tr"},{"@type":"Organization","@id":"https:\/\/www.oldarte.com\/#organization","name":"Restoration, Art, Antiques & Auctions","url":"https:\/\/www.oldarte.com\/","logo":{"@type":"ImageObject","inLanguage":"tr","@id":"https:\/\/www.oldarte.com\/#\/schema\/logo\/image\/","url":"https:\/\/www.oldarte.com\/wp-content\/uploads\/2023\/05\/simurg.png","contentUrl":"https:\/\/www.oldarte.com\/wp-content\/uploads\/2023\/05\/simurg.png","width":1350,"height":625,"caption":"Restoration, Art, Antiques & Auctions"},"image":{"@id":"https:\/\/www.oldarte.com\/#\/schema\/logo\/image\/"},"sameAs":["https:\/\/www.instagram.com\/oldarteofficial\/"]}]}},"_links":{"self":[{"href":"https:\/\/www.oldarte.com\/index.php\/wp-json\/wp\/v2\/pages\/1074"}],"collection":[{"href":"https:\/\/www.oldarte.com\/index.php\/wp-json\/wp\/v2\/pages"}],"about":[{"href":"https:\/\/www.oldarte.com\/index.php\/wp-json\/wp\/v2\/types\/page"}],"author":[{"embeddable":true,"href":"https:\/\/www.oldarte.com\/index.php\/wp-json\/wp\/v2\/users\/3"}],"replies":[{"embeddable":true,"href":"https:\/\/www.oldarte.com\/index.php\/wp-json\/wp\/v2\/comments?post=1074"}],"version-history":[{"count":36,"href":"https:\/\/www.oldarte.com\/index.php\/wp-json\/wp\/v2\/pages\/1074\/revisions"}],"predecessor-version":[{"id":278286,"href":"https:\/\/www.oldarte.com\/index.php\/wp-json\/wp\/v2\/pages\/1074\/revisions\/278286"}],"wp:attachment":[{"href":"https:\/\/www.oldarte.com\/index.php\/wp-json\/wp\/v2\/media?parent=1074"}],"curies":[{"name":"wp","href":"https:\/\/api.w.org\/{rel}","templated":true}]}}