{"id":459,"date":"2023-05-09T05:29:48","date_gmt":"2023-05-09T05:29:48","guid":{"rendered":"https:\/\/www.oldarte.com\/?page_id=459"},"modified":"2024-01-04T14:21:37","modified_gmt":"2024-01-04T14:21:37","slug":"vomit","status":"publish","type":"page","link":"https:\/\/www.oldarte.com\/index.php\/vomit\/","title":{"rendered":"Vomit"},"content":{"rendered":"<p><\/p>\n<h2 style=\"text-align: center;\"><span>VOMIT<\/span><\/h2>\n<p><\/p>\n<p style=\"text-align: center;\">Durup dururken neden pani\u011fe kap\u0131l\u0131r insan? Hayat\u0131m\u0131z\u0131n her an\u0131nda ama \u00f6zellikle de \u00e7\u0131k\u0131\u015f bulamad\u0131\u011f\u0131m\u0131z, kendimizi \u00e7aresiz hissetti\u011fimiz durumlarda belki de bir savunma mekanizmas\u0131 olarak pani\u011fe kap\u0131l\u0131yoruz Bu panik anlar\u0131 bazen anla\u015f\u0131labilir durumlar olabiliyor Bazen de a\u00e7\u0131k bir neden olmaks\u0131z\u0131n, sanki mitolojik tanr\u0131 olan Pan, aniden \u00e7\u0131\u011fl\u0131k atm\u0131\u015f gibi nereden kaynakland\u0131\u011f\u0131n\u0131 bilmeksizin kendimizi bu deh\u015fet duygusunun i\u00e7inde buluruz Bu durumdan \u00e7\u0131k\u0131\u015f yolu arayan zihnimiz, ayn\u0131 bedenimizin fazlal\u0131klar\u0131 istifra ederek rahatlamas\u0131 gibi, zihnimizde korku ve kayg\u0131n\u0131n uyand\u0131rd\u0131\u011f\u0131 durumlar\u0131 istifra etmek i\u00e7in farkl\u0131 y\u00f6ntem aray\u0131\u015flar\u0131na girer \u0130\u00e7ine girdi\u011fimiz bu ruh hali, kayg\u0131 ve korkunun \u00f6tesine de ge\u00e7ebiliyor Ancak bu kayg\u0131 durumunu bir ayd\u0131nlanma olarak d\u00fc\u015f\u00fcn\u00fcrsek, kayg\u0131yla b\u00fct\u00fcn varl\u0131\u011f\u0131m\u0131z\u0131 tekrar de\u011ferlendirebilir ve bu kayg\u0131 durumunu y\u00f6netmek i\u00e7in yeni imkanlar ke\u015ffedebiliriz Ben bu kayg\u0131 ve panik bozukluk durumunun ana etkeni olan g\u00fcven kayb\u0131 ve g\u00fcvensizlik hissinden, ele ald\u0131\u011f\u0131m ve tuvale yans\u0131tt\u0131\u011f\u0131m resimlerle \u00e7\u0131k\u0131\u015f yolu ar\u0131yorum Panik durumunda s\u00f6zlerle ifade edemeyip, sessiz bir \u00e7\u0131\u011fl\u0131k gibi i\u00e7ime hayk\u0131rd\u0131\u011f\u0131m kayg\u0131lar\u0131 resim diliyle anlatmaya \u00e7al\u0131\u015f\u0131yorum.<\/p>\n<p><\/p>\n<p>Adalar B\u00fcy\u00fckada &#8211; Istanbul \/ Turkey<\/p>\n<p>Ormond Quay Lower Dublin 1 \/ Ireland<\/p>\n<p><span>London \/ UK<\/span><\/p>\n<p>&nbsp;<\/p>\n<p><\/p>\n<p><span>gallery<\/span>@oldarte.com<\/p>\n<p>instagram<\/p>\n","protected":false},"excerpt":{"rendered":"<p>VOMITDurup dururken neden pani\u011fe kap\u0131l\u0131r insan? Hayat\u0131m\u0131z\u0131n her an\u0131nda ama \u00f6zellikle de \u00e7\u0131k\u0131\u015f bulamad\u0131\u011f\u0131m\u0131z, kendimizi \u00e7aresiz hissetti\u011fimiz durumlarda belki de bir savunma mekanizmas\u0131 olarak pani\u011fe kap\u0131l\u0131yoruz Bu panik anlar\u0131 bazen anla\u015f\u0131labilir durumlar olabiliyor Bazen de a\u00e7\u0131k bir neden olmaks\u0131z\u0131n, sanki mitolojik tanr\u0131 olan Pan, aniden \u00e7\u0131\u011fl\u0131k atm\u0131\u015f gibi nereden kaynakland\u0131\u011f\u0131n\u0131 bilmeksizin kendimizi bu deh\u015fet duygusunun [&hellip;]<\/p>\n","protected":false},"author":3,"featured_media":0,"parent":0,"menu_order":0,"comment_status":"closed","ping_status":"closed","template":"","meta":{"_et_pb_use_builder":"on","_et_pb_old_content":"","_et_gb_content_width":"","footnotes":""},"yoast_head":"<!-- This site is optimized with the Yoast SEO plugin v21.7 - https:\/\/yoast.com\/wordpress\/plugins\/seo\/ -->\n<title>Vomit - OldArte<\/title>\n<meta name=\"robots\" content=\"index, follow, max-snippet:-1, max-image-preview:large, max-video-preview:-1\" \/>\n<link rel=\"canonical\" href=\"https:\/\/www.oldarte.com\/index.php\/vomit\/\" \/>\n<meta property=\"og:locale\" content=\"tr_TR\" \/>\n<meta property=\"og:type\" content=\"article\" \/>\n<meta property=\"og:title\" content=\"Vomit - OldArte\" \/>\n<meta property=\"og:description\" content=\"VOMITDurup dururken neden pani\u011fe kap\u0131l\u0131r insan? Hayat\u0131m\u0131z\u0131n her an\u0131nda ama \u00f6zellikle de \u00e7\u0131k\u0131\u015f bulamad\u0131\u011f\u0131m\u0131z, kendimizi \u00e7aresiz hissetti\u011fimiz durumlarda belki de bir savunma mekanizmas\u0131 olarak pani\u011fe kap\u0131l\u0131yoruz Bu panik anlar\u0131 bazen anla\u015f\u0131labilir durumlar olabiliyor Bazen de a\u00e7\u0131k bir neden olmaks\u0131z\u0131n, sanki mitolojik tanr\u0131 olan Pan, aniden \u00e7\u0131\u011fl\u0131k atm\u0131\u015f gibi nereden kaynakland\u0131\u011f\u0131n\u0131 bilmeksizin kendimizi bu deh\u015fet duygusunun [&hellip;]\" \/>\n<meta property=\"og:url\" content=\"https:\/\/www.oldarte.com\/index.php\/vomit\/\" \/>\n<meta property=\"og:site_name\" content=\"OldArte\" \/>\n<meta property=\"article:modified_time\" content=\"2024-01-04T14:21:37+00:00\" \/>\n<meta name=\"twitter:card\" content=\"summary_large_image\" \/>\n<meta name=\"twitter:label1\" content=\"Tahmini okuma s\u00fcresi\" \/>\n\t<meta name=\"twitter:data1\" content=\"6 dakika\" \/>\n<script type=\"application\/ld+json\" class=\"yoast-schema-graph\">{\"@context\":\"https:\/\/schema.org\",\"@graph\":[{\"@type\":\"WebPage\",\"@id\":\"https:\/\/www.oldarte.com\/index.php\/vomit\/\",\"url\":\"https:\/\/www.oldarte.com\/index.php\/vomit\/\",\"name\":\"Vomit - OldArte\",\"isPartOf\":{\"@id\":\"https:\/\/www.oldarte.com\/#website\"},\"datePublished\":\"2023-05-09T05:29:48+00:00\",\"dateModified\":\"2024-01-04T14:21:37+00:00\",\"breadcrumb\":{\"@id\":\"https:\/\/www.oldarte.com\/index.php\/vomit\/#breadcrumb\"},\"inLanguage\":\"tr\",\"potentialAction\":[{\"@type\":\"ReadAction\",\"target\":[\"https:\/\/www.oldarte.com\/index.php\/vomit\/\"]}]},{\"@type\":\"BreadcrumbList\",\"@id\":\"https:\/\/www.oldarte.com\/index.php\/vomit\/#breadcrumb\",\"itemListElement\":[{\"@type\":\"ListItem\",\"position\":1,\"name\":\"Anasayfa\",\"item\":\"https:\/\/www.oldarte.com\/\"},{\"@type\":\"ListItem\",\"position\":2,\"name\":\"Vomit\"}]},{\"@type\":\"WebSite\",\"@id\":\"https:\/\/www.oldarte.com\/#website\",\"url\":\"https:\/\/www.oldarte.com\/\",\"name\":\"OldArte Restorations\",\"description\":\"Restorations, Art, Antiques &amp; Auctions\",\"publisher\":{\"@id\":\"https:\/\/www.oldarte.com\/#organization\"},\"potentialAction\":[{\"@type\":\"SearchAction\",\"target\":{\"@type\":\"EntryPoint\",\"urlTemplate\":\"https:\/\/www.oldarte.com\/?s={search_term_string}\"},\"query-input\":\"required name=search_term_string\"}],\"inLanguage\":\"tr\"},{\"@type\":\"Organization\",\"@id\":\"https:\/\/www.oldarte.com\/#organization\",\"name\":\"Restoration, Art, Antiques & Auctions\",\"url\":\"https:\/\/www.oldarte.com\/\",\"logo\":{\"@type\":\"ImageObject\",\"inLanguage\":\"tr\",\"@id\":\"https:\/\/www.oldarte.com\/#\/schema\/logo\/image\/\",\"url\":\"https:\/\/www.oldarte.com\/wp-content\/uploads\/2023\/05\/simurg.png\",\"contentUrl\":\"https:\/\/www.oldarte.com\/wp-content\/uploads\/2023\/05\/simurg.png\",\"width\":1350,\"height\":625,\"caption\":\"Restoration, Art, Antiques & Auctions\"},\"image\":{\"@id\":\"https:\/\/www.oldarte.com\/#\/schema\/logo\/image\/\"},\"sameAs\":[\"https:\/\/www.instagram.com\/oldarteofficial\/\"]}]}<\/script>\n<!-- \/ Yoast SEO plugin. -->","yoast_head_json":{"title":"Vomit - OldArte","robots":{"index":"index","follow":"follow","max-snippet":"max-snippet:-1","max-image-preview":"max-image-preview:large","max-video-preview":"max-video-preview:-1"},"canonical":"https:\/\/www.oldarte.com\/index.php\/vomit\/","og_locale":"tr_TR","og_type":"article","og_title":"Vomit - OldArte","og_description":"VOMITDurup dururken neden pani\u011fe kap\u0131l\u0131r insan? Hayat\u0131m\u0131z\u0131n her an\u0131nda ama \u00f6zellikle de \u00e7\u0131k\u0131\u015f bulamad\u0131\u011f\u0131m\u0131z, kendimizi \u00e7aresiz hissetti\u011fimiz durumlarda belki de bir savunma mekanizmas\u0131 olarak pani\u011fe kap\u0131l\u0131yoruz Bu panik anlar\u0131 bazen anla\u015f\u0131labilir durumlar olabiliyor Bazen de a\u00e7\u0131k bir neden olmaks\u0131z\u0131n, sanki mitolojik tanr\u0131 olan Pan, aniden \u00e7\u0131\u011fl\u0131k atm\u0131\u015f gibi nereden kaynakland\u0131\u011f\u0131n\u0131 bilmeksizin kendimizi bu deh\u015fet duygusunun [&hellip;]","og_url":"https:\/\/www.oldarte.com\/index.php\/vomit\/","og_site_name":"OldArte","article_modified_time":"2024-01-04T14:21:37+00:00","twitter_card":"summary_large_image","twitter_misc":{"Tahmini okuma s\u00fcresi":"6 dakika"},"schema":{"@context":"https:\/\/schema.org","@graph":[{"@type":"WebPage","@id":"https:\/\/www.oldarte.com\/index.php\/vomit\/","url":"https:\/\/www.oldarte.com\/index.php\/vomit\/","name":"Vomit - OldArte","isPartOf":{"@id":"https:\/\/www.oldarte.com\/#website"},"datePublished":"2023-05-09T05:29:48+00:00","dateModified":"2024-01-04T14:21:37+00:00","breadcrumb":{"@id":"https:\/\/www.oldarte.com\/index.php\/vomit\/#breadcrumb"},"inLanguage":"tr","potentialAction":[{"@type":"ReadAction","target":["https:\/\/www.oldarte.com\/index.php\/vomit\/"]}]},{"@type":"BreadcrumbList","@id":"https:\/\/www.oldarte.com\/index.php\/vomit\/#breadcrumb","itemListElement":[{"@type":"ListItem","position":1,"name":"Anasayfa","item":"https:\/\/www.oldarte.com\/"},{"@type":"ListItem","position":2,"name":"Vomit"}]},{"@type":"WebSite","@id":"https:\/\/www.oldarte.com\/#website","url":"https:\/\/www.oldarte.com\/","name":"OldArte Restorations","description":"Restorations, Art, Antiques &amp; Auctions","publisher":{"@id":"https:\/\/www.oldarte.com\/#organization"},"potentialAction":[{"@type":"SearchAction","target":{"@type":"EntryPoint","urlTemplate":"https:\/\/www.oldarte.com\/?s={search_term_string}"},"query-input":"required name=search_term_string"}],"inLanguage":"tr"},{"@type":"Organization","@id":"https:\/\/www.oldarte.com\/#organization","name":"Restoration, Art, Antiques & Auctions","url":"https:\/\/www.oldarte.com\/","logo":{"@type":"ImageObject","inLanguage":"tr","@id":"https:\/\/www.oldarte.com\/#\/schema\/logo\/image\/","url":"https:\/\/www.oldarte.com\/wp-content\/uploads\/2023\/05\/simurg.png","contentUrl":"https:\/\/www.oldarte.com\/wp-content\/uploads\/2023\/05\/simurg.png","width":1350,"height":625,"caption":"Restoration, Art, Antiques & Auctions"},"image":{"@id":"https:\/\/www.oldarte.com\/#\/schema\/logo\/image\/"},"sameAs":["https:\/\/www.instagram.com\/oldarteofficial\/"]}]}},"_links":{"self":[{"href":"https:\/\/www.oldarte.com\/index.php\/wp-json\/wp\/v2\/pages\/459"}],"collection":[{"href":"https:\/\/www.oldarte.com\/index.php\/wp-json\/wp\/v2\/pages"}],"about":[{"href":"https:\/\/www.oldarte.com\/index.php\/wp-json\/wp\/v2\/types\/page"}],"author":[{"embeddable":true,"href":"https:\/\/www.oldarte.com\/index.php\/wp-json\/wp\/v2\/users\/3"}],"replies":[{"embeddable":true,"href":"https:\/\/www.oldarte.com\/index.php\/wp-json\/wp\/v2\/comments?post=459"}],"version-history":[{"count":36,"href":"https:\/\/www.oldarte.com\/index.php\/wp-json\/wp\/v2\/pages\/459\/revisions"}],"predecessor-version":[{"id":278162,"href":"https:\/\/www.oldarte.com\/index.php\/wp-json\/wp\/v2\/pages\/459\/revisions\/278162"}],"wp:attachment":[{"href":"https:\/\/www.oldarte.com\/index.php\/wp-json\/wp\/v2\/media?parent=459"}],"curies":[{"name":"wp","href":"https:\/\/api.w.org\/{rel}","templated":true}]}}