{"id":6,"date":"2023-05-01T14:27:11","date_gmt":"2023-05-01T14:27:11","guid":{"rendered":"http:\/\/www.oldarte.com\/?page_id=6"},"modified":"2025-05-11T22:25:21","modified_gmt":"2025-05-11T22:25:21","slug":"home","status":"publish","type":"page","link":"https:\/\/www.oldarte.com\/","title":{"rendered":"Home"},"content":{"rendered":"<p><\/p>\n<h1 style=\"text-align: center;\"><span style=\"font-family: Cardo; font-weight: normal;\"><span style=\"color: #e8b535;\">Restorat\u0131on<\/span><\/span><\/h1>\n<p><\/p>\n<h1 style=\"text-align: center;\"><span style=\"color: rgba(186, 186, 186, 0.83);\">art, ant\u0131ques &amp; auct\u0131ons<\/span><\/h1>\n<p><\/p>\n<p style=\"text-align: center;\"><span>\u201cWith us, Simurg can be reborn from <\/span><span>the ashes of the tree of Art.\u201d<\/span><\/p>\n<p><\/p>\n<h2 style=\"text-align: left;\">\u00a0Restorat\u0131on<br \/><span style=\"text-decoration: underline;\">\u00a0 \u00a0 \u00a0 \u00a0 \u00a0 \u00a0 \u00a0 \u00a0 \u00a0 \u00a0 \u00a0 \u00a0 \u00a0 \u00a0 \u00a0 \u00a0 \u00a0 \u00a0 \u00a0 \u00a0 \u00a0 \u00a0 \u00a0 \u00a0 \u00a0 \u00a0 \u00a0 \u00a0 \u00a0 \u00a0 \u00a0 \u00a0 \u00a0 \u00a0 \u00a0 \u00a0 \u00a0 \u00a0 \u00a0 \u00a0 \u00a0 \u00a0 \u00a0 \u00a0 \u00a0 \u00a0 \u00a0 \u00a0 \u00a0 \u00a0 \u00a0 \u00a0 \u00a0 \u00a0 \u00a0 \u00a0 \u00a0 \u00a0 \u00a0<\/span><\/h2>\n<h1>Restoring ceilings, walls, furniture<\/h1>\n<h1 style=\"text-align: left;\">and historical artifacts.Recreating<\/h1>\n<h1 style=\"text-align: left;\">classical designs for modern buildings.<\/h1>\n<h1 style=\"text-align: left;\"><span>Ornamenting <\/span><span>with gilded and painted <\/span><\/h1>\n<h1 style=\"text-align: left;\"><span>designs <\/span><span>and <\/span><span style=\"color: #e8b535;\"><em><strong>restoring <\/strong><\/em><em><strong>classical gold leaf.<\/strong><\/em><\/span><\/h1>\n<p><\/p>\n<p>We specialize in restoring gold and high-value artifacts on historical sites.<br \/>With skilled craftsmen and a deep understanding of preservation, we ensure<br \/>the rich legacy of the past remains intact for future generations.<\/p>\n<p><\/p>\n<p style=\"text-align: center;\">\u201cW\u0131th us, S\u0131murg can be<br \/>reborn from the ashes of<br \/><span style=\"color: #e8b535;\">the tree of Art. \u201d<\/span><\/p>\n<p><\/p>\n<p style=\"text-align: right;\">SPECIAL COLLECTIONS<\/p>\n<p><\/p>\n<p style=\"text-align: left;\">PAINTINGS<\/p>\n<p><\/p>\n<h1>CALIGRAPHIES &amp;<br \/>DRAWINGS<\/h1>\n<p><\/p>\n<p style=\"text-align: right;\">SPECIAL COLLECTIONS<\/p>\n<p><\/p>\n<h1>ANTIQUES, STATUES &amp; OBJECTS<\/h1>\n<p><\/p>\n<h1>BOOKS &amp; PAPERS<\/h1>\n<p><\/p>\n<h2 style=\"text-align: left;\">\u00a0Art\u0131sts<\/h2>\n<h1 style=\"text-align: left;\"><\/h1>\n<p><\/p>\n<p><span>Our collection artists and works spanning multiple disciplines. You can explore collections and more in the Artists section.<\/span><\/p>\n<p><\/p>\n<h2 style=\"text-align: left;\">\uff1eP\u0131nar K\u0131r\uff1c<\/h2>\n<p><\/p>\n<p style=\"text-align: left;\">COLLECTIONS.<\/p>\n<p><\/p>\n<h3 style=\"text-align: left;\"><span>Contrary to popular belief, Lorem Ipsum is not simply random text. It has roots in a piece of classical Latin literature from 45 BC, making it over 2000 years old. Richard McClintock, a Latin professor at Hampden-Sydney College in Virginia, looked up one.<\/span><\/h3>\n<p><\/p>\n<h2 style=\"text-align: left;\">\uff1eHakan EVCIM\uff1c<\/h2>\n<p><\/p>\n<p style=\"text-align: left;\">COLLECTIONS.<\/p>\n<p><\/p>\n<h3 style=\"text-align: left;\"><span>Contrary to popular belief, Lorem Ipsum is not simply random text. It has roots in a piece of classical Latin literature from 45 BC, making it over 2000 years old. Richard McClintock, a Latin professor at Hampden-Sydney College in Virginia, looked up one.<\/span><\/h3>\n<p><\/p>\n<p>Adalar B\u00fcy\u00fckada &#8211; Istanbul \/ Turkey<\/p>\n<p>Elsinore Dublin \/ Ireland<\/p>\n<p><span>Iverna Ct, London \/ UK<\/span><\/p>\n<p>&nbsp;<\/p>\n<p><\/p>\n<p>info@oldarte.com<\/p>\n<p>instagram<\/p>\n","protected":false},"excerpt":{"rendered":"<p>Restorat\u0131onart, ant\u0131ques &amp; auct\u0131ons\u201cWith us, Simurg can be reborn from the ashes of the tree of Art.\u201d\u00a0Restorat\u0131on\u00a0 \u00a0 \u00a0 \u00a0 \u00a0 \u00a0 \u00a0 \u00a0 \u00a0 \u00a0 \u00a0 \u00a0 \u00a0 \u00a0 \u00a0 \u00a0 \u00a0 \u00a0 \u00a0 \u00a0 \u00a0 \u00a0 \u00a0 \u00a0 \u00a0 \u00a0 \u00a0 \u00a0 \u00a0 \u00a0 \u00a0 \u00a0 \u00a0 \u00a0 \u00a0 \u00a0 \u00a0 \u00a0 \u00a0 [&hellip;]<\/p>\n","protected":false},"author":3,"featured_media":0,"parent":0,"menu_order":0,"comment_status":"closed","ping_status":"closed","template":"","meta":{"_et_pb_use_builder":"on","_et_pb_old_content":"","_et_gb_content_width":"","footnotes":""},"yoast_head":"<!-- This site is optimized with the Yoast SEO plugin v21.7 - https:\/\/yoast.com\/wordpress\/plugins\/seo\/ -->\n<title>Home - OldArte<\/title>\n<meta name=\"robots\" content=\"index, follow, max-snippet:-1, max-image-preview:large, max-video-preview:-1\" \/>\n<link rel=\"canonical\" href=\"https:\/\/www.oldarte.com\/\" \/>\n<meta property=\"og:locale\" content=\"tr_TR\" \/>\n<meta property=\"og:type\" content=\"article\" \/>\n<meta property=\"og:title\" content=\"Home - OldArte\" \/>\n<meta property=\"og:description\" content=\"Restorat\u0131onart, ant\u0131ques &amp; auct\u0131ons\u201cWith us, Simurg can be reborn from the ashes of the tree of Art.\u201d\u00a0Restorat\u0131on\u00a0 \u00a0 \u00a0 \u00a0 \u00a0 \u00a0 \u00a0 \u00a0 \u00a0 \u00a0 \u00a0 \u00a0 \u00a0 \u00a0 \u00a0 \u00a0 \u00a0 \u00a0 \u00a0 \u00a0 \u00a0 \u00a0 \u00a0 \u00a0 \u00a0 \u00a0 \u00a0 \u00a0 \u00a0 \u00a0 \u00a0 \u00a0 \u00a0 \u00a0 \u00a0 \u00a0 \u00a0 \u00a0 \u00a0 [&hellip;]\" \/>\n<meta property=\"og:url\" content=\"https:\/\/www.oldarte.com\/\" \/>\n<meta property=\"og:site_name\" content=\"OldArte\" \/>\n<meta property=\"article:modified_time\" content=\"2025-05-11T22:25:21+00:00\" \/>\n<meta name=\"twitter:card\" content=\"summary_large_image\" \/>\n<meta name=\"twitter:label1\" content=\"Tahmini okuma s\u00fcresi\" \/>\n\t<meta name=\"twitter:data1\" content=\"36 dakika\" \/>\n<script type=\"application\/ld+json\" class=\"yoast-schema-graph\">{\"@context\":\"https:\/\/schema.org\",\"@graph\":[{\"@type\":\"WebPage\",\"@id\":\"https:\/\/www.oldarte.com\/\",\"url\":\"https:\/\/www.oldarte.com\/\",\"name\":\"Home - OldArte\",\"isPartOf\":{\"@id\":\"https:\/\/www.oldarte.com\/#website\"},\"datePublished\":\"2023-05-01T14:27:11+00:00\",\"dateModified\":\"2025-05-11T22:25:21+00:00\",\"breadcrumb\":{\"@id\":\"https:\/\/www.oldarte.com\/#breadcrumb\"},\"inLanguage\":\"tr\",\"potentialAction\":[{\"@type\":\"ReadAction\",\"target\":[\"https:\/\/www.oldarte.com\/\"]}]},{\"@type\":\"BreadcrumbList\",\"@id\":\"https:\/\/www.oldarte.com\/#breadcrumb\",\"itemListElement\":[{\"@type\":\"ListItem\",\"position\":1,\"name\":\"Anasayfa\",\"item\":\"https:\/\/www.oldarte.com\/\"},{\"@type\":\"ListItem\",\"position\":2,\"name\":\"Home\"}]},{\"@type\":\"WebSite\",\"@id\":\"https:\/\/www.oldarte.com\/#website\",\"url\":\"https:\/\/www.oldarte.com\/\",\"name\":\"OldArte Restorations\",\"description\":\"Restorations, Art, Antiques &amp; Auctions\",\"publisher\":{\"@id\":\"https:\/\/www.oldarte.com\/#organization\"},\"potentialAction\":[{\"@type\":\"SearchAction\",\"target\":{\"@type\":\"EntryPoint\",\"urlTemplate\":\"https:\/\/www.oldarte.com\/?s={search_term_string}\"},\"query-input\":\"required name=search_term_string\"}],\"inLanguage\":\"tr\"},{\"@type\":\"Organization\",\"@id\":\"https:\/\/www.oldarte.com\/#organization\",\"name\":\"Restoration, Art, Antiques & Auctions\",\"url\":\"https:\/\/www.oldarte.com\/\",\"logo\":{\"@type\":\"ImageObject\",\"inLanguage\":\"tr\",\"@id\":\"https:\/\/www.oldarte.com\/#\/schema\/logo\/image\/\",\"url\":\"https:\/\/www.oldarte.com\/wp-content\/uploads\/2023\/05\/simurg.png\",\"contentUrl\":\"https:\/\/www.oldarte.com\/wp-content\/uploads\/2023\/05\/simurg.png\",\"width\":1350,\"height\":625,\"caption\":\"Restoration, Art, Antiques & Auctions\"},\"image\":{\"@id\":\"https:\/\/www.oldarte.com\/#\/schema\/logo\/image\/\"},\"sameAs\":[\"https:\/\/www.instagram.com\/oldarteofficial\/\"]}]}<\/script>\n<!-- \/ Yoast SEO plugin. -->","yoast_head_json":{"title":"Home - OldArte","robots":{"index":"index","follow":"follow","max-snippet":"max-snippet:-1","max-image-preview":"max-image-preview:large","max-video-preview":"max-video-preview:-1"},"canonical":"https:\/\/www.oldarte.com\/","og_locale":"tr_TR","og_type":"article","og_title":"Home - OldArte","og_description":"Restorat\u0131onart, ant\u0131ques &amp; auct\u0131ons\u201cWith us, Simurg can be reborn from the ashes of the tree of Art.\u201d\u00a0Restorat\u0131on\u00a0 \u00a0 \u00a0 \u00a0 \u00a0 \u00a0 \u00a0 \u00a0 \u00a0 \u00a0 \u00a0 \u00a0 \u00a0 \u00a0 \u00a0 \u00a0 \u00a0 \u00a0 \u00a0 \u00a0 \u00a0 \u00a0 \u00a0 \u00a0 \u00a0 \u00a0 \u00a0 \u00a0 \u00a0 \u00a0 \u00a0 \u00a0 \u00a0 \u00a0 \u00a0 \u00a0 \u00a0 \u00a0 \u00a0 [&hellip;]","og_url":"https:\/\/www.oldarte.com\/","og_site_name":"OldArte","article_modified_time":"2025-05-11T22:25:21+00:00","twitter_card":"summary_large_image","twitter_misc":{"Tahmini okuma s\u00fcresi":"36 dakika"},"schema":{"@context":"https:\/\/schema.org","@graph":[{"@type":"WebPage","@id":"https:\/\/www.oldarte.com\/","url":"https:\/\/www.oldarte.com\/","name":"Home - OldArte","isPartOf":{"@id":"https:\/\/www.oldarte.com\/#website"},"datePublished":"2023-05-01T14:27:11+00:00","dateModified":"2025-05-11T22:25:21+00:00","breadcrumb":{"@id":"https:\/\/www.oldarte.com\/#breadcrumb"},"inLanguage":"tr","potentialAction":[{"@type":"ReadAction","target":["https:\/\/www.oldarte.com\/"]}]},{"@type":"BreadcrumbList","@id":"https:\/\/www.oldarte.com\/#breadcrumb","itemListElement":[{"@type":"ListItem","position":1,"name":"Anasayfa","item":"https:\/\/www.oldarte.com\/"},{"@type":"ListItem","position":2,"name":"Home"}]},{"@type":"WebSite","@id":"https:\/\/www.oldarte.com\/#website","url":"https:\/\/www.oldarte.com\/","name":"OldArte Restorations","description":"Restorations, Art, Antiques &amp; Auctions","publisher":{"@id":"https:\/\/www.oldarte.com\/#organization"},"potentialAction":[{"@type":"SearchAction","target":{"@type":"EntryPoint","urlTemplate":"https:\/\/www.oldarte.com\/?s={search_term_string}"},"query-input":"required name=search_term_string"}],"inLanguage":"tr"},{"@type":"Organization","@id":"https:\/\/www.oldarte.com\/#organization","name":"Restoration, Art, Antiques & Auctions","url":"https:\/\/www.oldarte.com\/","logo":{"@type":"ImageObject","inLanguage":"tr","@id":"https:\/\/www.oldarte.com\/#\/schema\/logo\/image\/","url":"https:\/\/www.oldarte.com\/wp-content\/uploads\/2023\/05\/simurg.png","contentUrl":"https:\/\/www.oldarte.com\/wp-content\/uploads\/2023\/05\/simurg.png","width":1350,"height":625,"caption":"Restoration, Art, Antiques & Auctions"},"image":{"@id":"https:\/\/www.oldarte.com\/#\/schema\/logo\/image\/"},"sameAs":["https:\/\/www.instagram.com\/oldarteofficial\/"]}]}},"_links":{"self":[{"href":"https:\/\/www.oldarte.com\/index.php\/wp-json\/wp\/v2\/pages\/6"}],"collection":[{"href":"https:\/\/www.oldarte.com\/index.php\/wp-json\/wp\/v2\/pages"}],"about":[{"href":"https:\/\/www.oldarte.com\/index.php\/wp-json\/wp\/v2\/types\/page"}],"author":[{"embeddable":true,"href":"https:\/\/www.oldarte.com\/index.php\/wp-json\/wp\/v2\/users\/3"}],"replies":[{"embeddable":true,"href":"https:\/\/www.oldarte.com\/index.php\/wp-json\/wp\/v2\/comments?post=6"}],"version-history":[{"count":508,"href":"https:\/\/www.oldarte.com\/index.php\/wp-json\/wp\/v2\/pages\/6\/revisions"}],"predecessor-version":[{"id":278391,"href":"https:\/\/www.oldarte.com\/index.php\/wp-json\/wp\/v2\/pages\/6\/revisions\/278391"}],"wp:attachment":[{"href":"https:\/\/www.oldarte.com\/index.php\/wp-json\/wp\/v2\/media?parent=6"}],"curies":[{"name":"wp","href":"https:\/\/api.w.org\/{rel}","templated":true}]}}