{"id":856,"date":"2023-05-15T23:10:43","date_gmt":"2023-05-15T23:10:43","guid":{"rendered":"https:\/\/www.oldarte.com\/?page_id=856"},"modified":"2024-01-18T18:39:50","modified_gmt":"2024-01-18T18:39:50","slug":"statues-and-objects","status":"publish","type":"page","link":"https:\/\/www.oldarte.com\/index.php\/statues-and-objects\/","title":{"rendered":"Statues and Objects"},"content":{"rendered":"<p><\/p>\n<h2 style=\"text-align: center;\">ANTIQUES,<br \/>STATUES AND OBJECTS.<\/h2>\n<p><\/p>\n<h5 style=\"text-align: center;\"><strong>HORSE WHIP<\/strong><\/h5>\n<p><\/p>\n<p style=\"text-align: center;\">EVE005323T<\/p>\n<p><\/p>\n<h4>Veteran <strong>Mustafa Kemal ATATURK<\/strong><br \/>Name Cards Or\u0131g\u0131nal From Cart\u0131er London<\/h4>\n<p><\/p>\n<p style=\"text-align: center;\">With 30&#215;36 cm business card package<\/p>\n<p><\/p>\n<p style=\"text-align: center;\">EVE021323T<\/p>\n<p><\/p>\n<h4><span>WALKING STICK 1<\/span><\/h4>\n<p><\/p>\n<p style=\"text-align: center;\">EVE049323T<\/p>\n<p><\/p>\n<p style=\"text-align: center;\"><strong>BUSINESS CARD<\/strong><\/p>\n<h6 style=\"text-align: center;\"><strong>HASAN RIZA<\/strong><\/h6>\n<h6 style=\"text-align: center;\"><strong>With 3 Total<\/strong><\/h6>\n<p style=\"text-align: center;\">5,5&#215;9 cm<\/p>\n<p><\/p>\n<p style=\"text-align: center;\"><strong>BUSINESS CARD<\/strong><\/p>\n<h6 style=\"text-align: center;\"><strong>Gazi Mustafa Kemal<\/strong><\/h6>\n<p style=\"text-align: center;\">4&#215;7,5 cm<\/p>\n<p><\/p>\n<p style=\"text-align: center;\"><strong>BUSINESS CARD<\/strong><\/p>\n<h6 style=\"text-align: center;\"><strong>Gazi Mustafa Kemal<\/strong><\/h6>\n<p style=\"text-align: center;\">6,5&#215;10 cm<\/p>\n<p><\/p>\n<h4><span>WALKING STICK 2<\/span><\/h4>\n<p><\/p>\n<p style=\"text-align: center;\">EVE050323T<\/p>\n<p><\/p>\n<h4><span>WALKING STICK 3<\/span><\/h4>\n<p><\/p>\n<p style=\"text-align: center;\">EVE051323T<\/p>\n<p><\/p>\n<p style=\"text-align: center;\"><strong>BUSINESS CARD<\/strong><\/p>\n<h6 style=\"text-align: center;\"><strong><\/strong><\/h6>\n<h6 style=\"text-align: center;\"><strong>Gazi Mustafa Kemal<\/strong><\/h6>\n<h6 style=\"text-align: center;\"><strong>With 4 Total<\/strong><\/h6>\n<p style=\"text-align: center;\">5,5&#215;9 cm<\/p>\n<p><\/p>\n<p>Adalar B\u00fcy\u00fckada &#8211; Istanbul \/ Turkey<\/p>\n<p>Ormond Quay Lower Dublin 1 \/ Ireland<\/p>\n<p><span>London \/ UK<\/span><\/p>\n<p>&nbsp;<\/p>\n<p><\/p>\n<p><span>gallery<\/span>@oldarte.com<\/p>\n<p>instagram<\/p>\n","protected":false},"excerpt":{"rendered":"<p>ANTIQUES,STATUES AND OBJECTS.HORSE WHIPEVE005323TVeteran Mustafa Kemal ATATURKName Cards Or\u0131g\u0131nal From Cart\u0131er LondonWith 30&#215;36 cm business card packageEVE021323TWALKING STICK 1EVE049323TBUSINESS CARD HASAN RIZA With 3 Total 5,5&#215;9 cmBUSINESS CARD Gazi Mustafa Kemal 4&#215;7,5 cmBUSINESS CARD Gazi Mustafa Kemal 6,5&#215;10 cmWALKING STICK 2EVE050323TWALKING STICK 3EVE051323TBUSINESS CARD Gazi Mustafa Kemal With 4 Total 5,5&#215;9 cmAdalar B\u00fcy\u00fckada &#8211; Istanbul [&hellip;]<\/p>\n","protected":false},"author":3,"featured_media":0,"parent":0,"menu_order":0,"comment_status":"closed","ping_status":"closed","template":"","meta":{"_et_pb_use_builder":"on","_et_pb_old_content":"","_et_gb_content_width":"","footnotes":""},"yoast_head":"<!-- This site is optimized with the Yoast SEO plugin v21.7 - https:\/\/yoast.com\/wordpress\/plugins\/seo\/ -->\n<title>Statues and Objects - OldArte<\/title>\n<meta name=\"robots\" content=\"index, follow, max-snippet:-1, max-image-preview:large, max-video-preview:-1\" \/>\n<link rel=\"canonical\" href=\"https:\/\/www.oldarte.com\/index.php\/statues-and-objects\/\" \/>\n<meta property=\"og:locale\" content=\"tr_TR\" \/>\n<meta property=\"og:type\" content=\"article\" \/>\n<meta property=\"og:title\" content=\"Statues and Objects - OldArte\" \/>\n<meta property=\"og:description\" content=\"ANTIQUES,STATUES AND OBJECTS.HORSE WHIPEVE005323TVeteran Mustafa Kemal ATATURKName Cards Or\u0131g\u0131nal From Cart\u0131er LondonWith 30x36 cm business card packageEVE021323TWALKING STICK 1EVE049323TBUSINESS CARD HASAN RIZA With 3 Total 5,5x9 cmBUSINESS CARD Gazi Mustafa Kemal 4x7,5 cmBUSINESS CARD Gazi Mustafa Kemal 6,5x10 cmWALKING STICK 2EVE050323TWALKING STICK 3EVE051323TBUSINESS CARD Gazi Mustafa Kemal With 4 Total 5,5x9 cmAdalar B\u00fcy\u00fckada - Istanbul [&hellip;]\" \/>\n<meta property=\"og:url\" content=\"https:\/\/www.oldarte.com\/index.php\/statues-and-objects\/\" \/>\n<meta property=\"og:site_name\" content=\"OldArte\" \/>\n<meta property=\"article:modified_time\" content=\"2024-01-18T18:39:50+00:00\" \/>\n<meta name=\"twitter:card\" content=\"summary_large_image\" \/>\n<meta name=\"twitter:label1\" content=\"Tahmini okuma s\u00fcresi\" \/>\n\t<meta name=\"twitter:data1\" content=\"11 dakika\" \/>\n<script type=\"application\/ld+json\" class=\"yoast-schema-graph\">{\"@context\":\"https:\/\/schema.org\",\"@graph\":[{\"@type\":\"WebPage\",\"@id\":\"https:\/\/www.oldarte.com\/index.php\/statues-and-objects\/\",\"url\":\"https:\/\/www.oldarte.com\/index.php\/statues-and-objects\/\",\"name\":\"Statues and Objects - OldArte\",\"isPartOf\":{\"@id\":\"https:\/\/www.oldarte.com\/#website\"},\"datePublished\":\"2023-05-15T23:10:43+00:00\",\"dateModified\":\"2024-01-18T18:39:50+00:00\",\"breadcrumb\":{\"@id\":\"https:\/\/www.oldarte.com\/index.php\/statues-and-objects\/#breadcrumb\"},\"inLanguage\":\"tr\",\"potentialAction\":[{\"@type\":\"ReadAction\",\"target\":[\"https:\/\/www.oldarte.com\/index.php\/statues-and-objects\/\"]}]},{\"@type\":\"BreadcrumbList\",\"@id\":\"https:\/\/www.oldarte.com\/index.php\/statues-and-objects\/#breadcrumb\",\"itemListElement\":[{\"@type\":\"ListItem\",\"position\":1,\"name\":\"Anasayfa\",\"item\":\"https:\/\/www.oldarte.com\/\"},{\"@type\":\"ListItem\",\"position\":2,\"name\":\"Statues and Objects\"}]},{\"@type\":\"WebSite\",\"@id\":\"https:\/\/www.oldarte.com\/#website\",\"url\":\"https:\/\/www.oldarte.com\/\",\"name\":\"OldArte Restorations\",\"description\":\"Restorations, Art, Antiques &amp; Auctions\",\"publisher\":{\"@id\":\"https:\/\/www.oldarte.com\/#organization\"},\"potentialAction\":[{\"@type\":\"SearchAction\",\"target\":{\"@type\":\"EntryPoint\",\"urlTemplate\":\"https:\/\/www.oldarte.com\/?s={search_term_string}\"},\"query-input\":\"required name=search_term_string\"}],\"inLanguage\":\"tr\"},{\"@type\":\"Organization\",\"@id\":\"https:\/\/www.oldarte.com\/#organization\",\"name\":\"Restoration, Art, Antiques & Auctions\",\"url\":\"https:\/\/www.oldarte.com\/\",\"logo\":{\"@type\":\"ImageObject\",\"inLanguage\":\"tr\",\"@id\":\"https:\/\/www.oldarte.com\/#\/schema\/logo\/image\/\",\"url\":\"https:\/\/www.oldarte.com\/wp-content\/uploads\/2023\/05\/simurg.png\",\"contentUrl\":\"https:\/\/www.oldarte.com\/wp-content\/uploads\/2023\/05\/simurg.png\",\"width\":1350,\"height\":625,\"caption\":\"Restoration, Art, Antiques & Auctions\"},\"image\":{\"@id\":\"https:\/\/www.oldarte.com\/#\/schema\/logo\/image\/\"},\"sameAs\":[\"https:\/\/www.instagram.com\/oldarteofficial\/\"]}]}<\/script>\n<!-- \/ Yoast SEO plugin. -->","yoast_head_json":{"title":"Statues and Objects - OldArte","robots":{"index":"index","follow":"follow","max-snippet":"max-snippet:-1","max-image-preview":"max-image-preview:large","max-video-preview":"max-video-preview:-1"},"canonical":"https:\/\/www.oldarte.com\/index.php\/statues-and-objects\/","og_locale":"tr_TR","og_type":"article","og_title":"Statues and Objects - OldArte","og_description":"ANTIQUES,STATUES AND OBJECTS.HORSE WHIPEVE005323TVeteran Mustafa Kemal ATATURKName Cards Or\u0131g\u0131nal From Cart\u0131er LondonWith 30x36 cm business card packageEVE021323TWALKING STICK 1EVE049323TBUSINESS CARD HASAN RIZA With 3 Total 5,5x9 cmBUSINESS CARD Gazi Mustafa Kemal 4x7,5 cmBUSINESS CARD Gazi Mustafa Kemal 6,5x10 cmWALKING STICK 2EVE050323TWALKING STICK 3EVE051323TBUSINESS CARD Gazi Mustafa Kemal With 4 Total 5,5x9 cmAdalar B\u00fcy\u00fckada - Istanbul [&hellip;]","og_url":"https:\/\/www.oldarte.com\/index.php\/statues-and-objects\/","og_site_name":"OldArte","article_modified_time":"2024-01-18T18:39:50+00:00","twitter_card":"summary_large_image","twitter_misc":{"Tahmini okuma s\u00fcresi":"11 dakika"},"schema":{"@context":"https:\/\/schema.org","@graph":[{"@type":"WebPage","@id":"https:\/\/www.oldarte.com\/index.php\/statues-and-objects\/","url":"https:\/\/www.oldarte.com\/index.php\/statues-and-objects\/","name":"Statues and Objects - OldArte","isPartOf":{"@id":"https:\/\/www.oldarte.com\/#website"},"datePublished":"2023-05-15T23:10:43+00:00","dateModified":"2024-01-18T18:39:50+00:00","breadcrumb":{"@id":"https:\/\/www.oldarte.com\/index.php\/statues-and-objects\/#breadcrumb"},"inLanguage":"tr","potentialAction":[{"@type":"ReadAction","target":["https:\/\/www.oldarte.com\/index.php\/statues-and-objects\/"]}]},{"@type":"BreadcrumbList","@id":"https:\/\/www.oldarte.com\/index.php\/statues-and-objects\/#breadcrumb","itemListElement":[{"@type":"ListItem","position":1,"name":"Anasayfa","item":"https:\/\/www.oldarte.com\/"},{"@type":"ListItem","position":2,"name":"Statues and Objects"}]},{"@type":"WebSite","@id":"https:\/\/www.oldarte.com\/#website","url":"https:\/\/www.oldarte.com\/","name":"OldArte Restorations","description":"Restorations, Art, Antiques &amp; Auctions","publisher":{"@id":"https:\/\/www.oldarte.com\/#organization"},"potentialAction":[{"@type":"SearchAction","target":{"@type":"EntryPoint","urlTemplate":"https:\/\/www.oldarte.com\/?s={search_term_string}"},"query-input":"required name=search_term_string"}],"inLanguage":"tr"},{"@type":"Organization","@id":"https:\/\/www.oldarte.com\/#organization","name":"Restoration, Art, Antiques & Auctions","url":"https:\/\/www.oldarte.com\/","logo":{"@type":"ImageObject","inLanguage":"tr","@id":"https:\/\/www.oldarte.com\/#\/schema\/logo\/image\/","url":"https:\/\/www.oldarte.com\/wp-content\/uploads\/2023\/05\/simurg.png","contentUrl":"https:\/\/www.oldarte.com\/wp-content\/uploads\/2023\/05\/simurg.png","width":1350,"height":625,"caption":"Restoration, Art, Antiques & Auctions"},"image":{"@id":"https:\/\/www.oldarte.com\/#\/schema\/logo\/image\/"},"sameAs":["https:\/\/www.instagram.com\/oldarteofficial\/"]}]}},"_links":{"self":[{"href":"https:\/\/www.oldarte.com\/index.php\/wp-json\/wp\/v2\/pages\/856"}],"collection":[{"href":"https:\/\/www.oldarte.com\/index.php\/wp-json\/wp\/v2\/pages"}],"about":[{"href":"https:\/\/www.oldarte.com\/index.php\/wp-json\/wp\/v2\/types\/page"}],"author":[{"embeddable":true,"href":"https:\/\/www.oldarte.com\/index.php\/wp-json\/wp\/v2\/users\/3"}],"replies":[{"embeddable":true,"href":"https:\/\/www.oldarte.com\/index.php\/wp-json\/wp\/v2\/comments?post=856"}],"version-history":[{"count":17,"href":"https:\/\/www.oldarte.com\/index.php\/wp-json\/wp\/v2\/pages\/856\/revisions"}],"predecessor-version":[{"id":278289,"href":"https:\/\/www.oldarte.com\/index.php\/wp-json\/wp\/v2\/pages\/856\/revisions\/278289"}],"wp:attachment":[{"href":"https:\/\/www.oldarte.com\/index.php\/wp-json\/wp\/v2\/media?parent=856"}],"curies":[{"name":"wp","href":"https:\/\/api.w.org\/{rel}","templated":true}]}}