{"id":859,"date":"2023-05-15T23:11:54","date_gmt":"2023-05-15T23:11:54","guid":{"rendered":"https:\/\/www.oldarte.com\/?page_id=859"},"modified":"2024-01-18T18:34:07","modified_gmt":"2024-01-18T18:34:07","slug":"paintings","status":"publish","type":"page","link":"https:\/\/www.oldarte.com\/index.php\/paintings\/","title":{"rendered":"Paintings"},"content":{"rendered":"<p><\/p>\n<h2 style=\"text-align: center;\">PAINTINGS.<\/h2>\n<p><\/p>\n<p style=\"text-align: center;\"><strong>STORK AND SEASON TREE<\/strong><br \/>Oil on Canvas<br \/>Emine Verim Eskik\u00f6y<\/p>\n<p><\/p>\n<p style=\"text-align: center;\"><strong>VENUS AND CUPID<\/strong><\/p>\n<p style=\"text-align: center;\">OIL ON CANVAS<\/p>\n<p style=\"text-align: center;\">REPTODICTION FROM JEAN-BAPTISTE REGNAULT (FRENCH, 1754-1829)<\/p>\n<p style=\"text-align: center;\">MUSA TU\u011e<\/p>\n<p><\/p>\n<p style=\"text-align: center;\"><strong>MARBLE IMITATION<\/strong><br \/>Emine Verim Eskik\u00f6y<br \/>Oil on canvas<\/p>\n<p><\/p>\n<p style=\"text-align: center;\"><strong>ORIGINAL PRINT#1<\/strong><\/p>\n<p style=\"text-align: center;\">BY STEFFEN K\u00d6PF<\/p>\n<p><\/p>\n<p style=\"text-align: center;\"><strong>ORIGINAL PRINT#2<\/strong><\/p>\n<p style=\"text-align: center;\">BY STEFFEN K\u00d6PF<\/p>\n<p><\/p>\n<p style=\"text-align: center;\"><strong>FLOWERS<\/strong><\/p>\n<p style=\"text-align: center;\">OIL ON CANVAS<\/p>\n<p><\/p>\n<p style=\"text-align: center;\"><strong>BEDR\u0130 RAHM\u0130 EY\u00dcPO\u011eLU<\/strong><br \/><strong>ORIGINAL PRINT ON FABRIC<\/strong><br \/>32x54cm<\/p>\n<p><\/p>\n<p style=\"text-align: center;\"><strong>BEDR\u0130 RAHM\u0130 EY\u00dcPO\u011eLU<\/strong><br \/><strong>ORIGINAL PRINT ON FABRIC<\/strong><br \/>-Signed-<br \/>1911-1975<br \/>30x35cm<\/p>\n<p><\/p>\n<p style=\"text-align: center;\"><strong>ORIGINAL POSTCARD<\/strong><br \/>Acrylic on Paper Salih Acar<br \/>\u201cSeagulls &amp; Seaside\u201d<br \/>Signed by Salih Acar, father of \u0130smail Acar<br \/>20x30cm<\/p>\n<p><\/p>\n<p style=\"text-align: center;\"><strong>ROKOKO<\/strong><\/p>\n<p style=\"text-align: center;\">ON WOOD<\/p>\n<p style=\"text-align: center;\">EM\u0130NE VER\u0130M ESK\u0130K\u00d6Y<\/p>\n<p><\/p>\n<p>Adalar, B\u00fcy\u00fckada \/ Istanbul-Turkey<\/p>\n<p>Dublin, Dublin 2 \/ Ireland<\/p>\n<p><span>Kensington High \/ England-London<\/span><\/p>\n<p>&nbsp;<\/p>\n<p><\/p>\n<p><span>gallery<\/span>@oldarte.com<\/p>\n<p>instagram<\/p>\n","protected":false},"excerpt":{"rendered":"<p>PAINTINGS.STORK AND SEASON TREEOil on CanvasEmine Verim Eskik\u00f6yVENUS AND CUPID OIL ON CANVAS REPTODICTION FROM JEAN-BAPTISTE REGNAULT (FRENCH, 1754-1829) MUSA TU\u011eMARBLE IMITATIONEmine Verim Eskik\u00f6yOil on canvasORIGINAL PRINT#1 BY STEFFEN K\u00d6PFORIGINAL PRINT#2 BY STEFFEN K\u00d6PFFLOWERS OIL ON CANVASBEDR\u0130 RAHM\u0130 EY\u00dcPO\u011eLUORIGINAL PRINT ON FABRIC32x54cmBEDR\u0130 RAHM\u0130 EY\u00dcPO\u011eLUORIGINAL PRINT ON FABRIC-Signed-1911-197530x35cmORIGINAL POSTCARDAcrylic on Paper Salih Acar\u201cSeagulls &amp; Seaside\u201dSigned by [&hellip;]<\/p>\n","protected":false},"author":3,"featured_media":0,"parent":0,"menu_order":0,"comment_status":"closed","ping_status":"closed","template":"","meta":{"_et_pb_use_builder":"on","_et_pb_old_content":"","_et_gb_content_width":"","footnotes":""},"yoast_head":"<!-- This site is optimized with the Yoast SEO plugin v21.7 - https:\/\/yoast.com\/wordpress\/plugins\/seo\/ -->\n<title>Paintings - OldArte<\/title>\n<meta name=\"robots\" content=\"index, follow, max-snippet:-1, max-image-preview:large, max-video-preview:-1\" \/>\n<link rel=\"canonical\" href=\"https:\/\/www.oldarte.com\/index.php\/paintings\/\" \/>\n<meta property=\"og:locale\" content=\"tr_TR\" \/>\n<meta property=\"og:type\" content=\"article\" \/>\n<meta property=\"og:title\" content=\"Paintings - OldArte\" \/>\n<meta property=\"og:description\" content=\"PAINTINGS.STORK AND SEASON TREEOil on CanvasEmine Verim Eskik\u00f6yVENUS AND CUPID OIL ON CANVAS REPTODICTION FROM JEAN-BAPTISTE REGNAULT (FRENCH, 1754-1829) MUSA TU\u011eMARBLE IMITATIONEmine Verim Eskik\u00f6yOil on canvasORIGINAL PRINT#1 BY STEFFEN K\u00d6PFORIGINAL PRINT#2 BY STEFFEN K\u00d6PFFLOWERS OIL ON CANVASBEDR\u0130 RAHM\u0130 EY\u00dcPO\u011eLUORIGINAL PRINT ON FABRIC32x54cmBEDR\u0130 RAHM\u0130 EY\u00dcPO\u011eLUORIGINAL PRINT ON FABRIC-Signed-1911-197530x35cmORIGINAL POSTCARDAcrylic on Paper Salih Acar\u201cSeagulls &amp; Seaside\u201dSigned by [&hellip;]\" \/>\n<meta property=\"og:url\" content=\"https:\/\/www.oldarte.com\/index.php\/paintings\/\" \/>\n<meta property=\"og:site_name\" content=\"OldArte\" \/>\n<meta property=\"article:modified_time\" content=\"2024-01-18T18:34:07+00:00\" \/>\n<meta name=\"twitter:card\" content=\"summary_large_image\" \/>\n<meta name=\"twitter:label1\" content=\"Tahmini okuma s\u00fcresi\" \/>\n\t<meta name=\"twitter:data1\" content=\"12 dakika\" \/>\n<script type=\"application\/ld+json\" class=\"yoast-schema-graph\">{\"@context\":\"https:\/\/schema.org\",\"@graph\":[{\"@type\":\"WebPage\",\"@id\":\"https:\/\/www.oldarte.com\/index.php\/paintings\/\",\"url\":\"https:\/\/www.oldarte.com\/index.php\/paintings\/\",\"name\":\"Paintings - OldArte\",\"isPartOf\":{\"@id\":\"https:\/\/www.oldarte.com\/#website\"},\"datePublished\":\"2023-05-15T23:11:54+00:00\",\"dateModified\":\"2024-01-18T18:34:07+00:00\",\"breadcrumb\":{\"@id\":\"https:\/\/www.oldarte.com\/index.php\/paintings\/#breadcrumb\"},\"inLanguage\":\"tr\",\"potentialAction\":[{\"@type\":\"ReadAction\",\"target\":[\"https:\/\/www.oldarte.com\/index.php\/paintings\/\"]}]},{\"@type\":\"BreadcrumbList\",\"@id\":\"https:\/\/www.oldarte.com\/index.php\/paintings\/#breadcrumb\",\"itemListElement\":[{\"@type\":\"ListItem\",\"position\":1,\"name\":\"Anasayfa\",\"item\":\"https:\/\/www.oldarte.com\/\"},{\"@type\":\"ListItem\",\"position\":2,\"name\":\"Paintings\"}]},{\"@type\":\"WebSite\",\"@id\":\"https:\/\/www.oldarte.com\/#website\",\"url\":\"https:\/\/www.oldarte.com\/\",\"name\":\"OldArte Restorations\",\"description\":\"Restorations, Art, Antiques &amp; Auctions\",\"publisher\":{\"@id\":\"https:\/\/www.oldarte.com\/#organization\"},\"potentialAction\":[{\"@type\":\"SearchAction\",\"target\":{\"@type\":\"EntryPoint\",\"urlTemplate\":\"https:\/\/www.oldarte.com\/?s={search_term_string}\"},\"query-input\":\"required name=search_term_string\"}],\"inLanguage\":\"tr\"},{\"@type\":\"Organization\",\"@id\":\"https:\/\/www.oldarte.com\/#organization\",\"name\":\"Restoration, Art, Antiques & Auctions\",\"url\":\"https:\/\/www.oldarte.com\/\",\"logo\":{\"@type\":\"ImageObject\",\"inLanguage\":\"tr\",\"@id\":\"https:\/\/www.oldarte.com\/#\/schema\/logo\/image\/\",\"url\":\"https:\/\/www.oldarte.com\/wp-content\/uploads\/2023\/05\/simurg.png\",\"contentUrl\":\"https:\/\/www.oldarte.com\/wp-content\/uploads\/2023\/05\/simurg.png\",\"width\":1350,\"height\":625,\"caption\":\"Restoration, Art, Antiques & Auctions\"},\"image\":{\"@id\":\"https:\/\/www.oldarte.com\/#\/schema\/logo\/image\/\"},\"sameAs\":[\"https:\/\/www.instagram.com\/oldarteofficial\/\"]}]}<\/script>\n<!-- \/ Yoast SEO plugin. -->","yoast_head_json":{"title":"Paintings - OldArte","robots":{"index":"index","follow":"follow","max-snippet":"max-snippet:-1","max-image-preview":"max-image-preview:large","max-video-preview":"max-video-preview:-1"},"canonical":"https:\/\/www.oldarte.com\/index.php\/paintings\/","og_locale":"tr_TR","og_type":"article","og_title":"Paintings - OldArte","og_description":"PAINTINGS.STORK AND SEASON TREEOil on CanvasEmine Verim Eskik\u00f6yVENUS AND CUPID OIL ON CANVAS REPTODICTION FROM JEAN-BAPTISTE REGNAULT (FRENCH, 1754-1829) MUSA TU\u011eMARBLE IMITATIONEmine Verim Eskik\u00f6yOil on canvasORIGINAL PRINT#1 BY STEFFEN K\u00d6PFORIGINAL PRINT#2 BY STEFFEN K\u00d6PFFLOWERS OIL ON CANVASBEDR\u0130 RAHM\u0130 EY\u00dcPO\u011eLUORIGINAL PRINT ON FABRIC32x54cmBEDR\u0130 RAHM\u0130 EY\u00dcPO\u011eLUORIGINAL PRINT ON FABRIC-Signed-1911-197530x35cmORIGINAL POSTCARDAcrylic on Paper Salih Acar\u201cSeagulls &amp; Seaside\u201dSigned by [&hellip;]","og_url":"https:\/\/www.oldarte.com\/index.php\/paintings\/","og_site_name":"OldArte","article_modified_time":"2024-01-18T18:34:07+00:00","twitter_card":"summary_large_image","twitter_misc":{"Tahmini okuma s\u00fcresi":"12 dakika"},"schema":{"@context":"https:\/\/schema.org","@graph":[{"@type":"WebPage","@id":"https:\/\/www.oldarte.com\/index.php\/paintings\/","url":"https:\/\/www.oldarte.com\/index.php\/paintings\/","name":"Paintings - OldArte","isPartOf":{"@id":"https:\/\/www.oldarte.com\/#website"},"datePublished":"2023-05-15T23:11:54+00:00","dateModified":"2024-01-18T18:34:07+00:00","breadcrumb":{"@id":"https:\/\/www.oldarte.com\/index.php\/paintings\/#breadcrumb"},"inLanguage":"tr","potentialAction":[{"@type":"ReadAction","target":["https:\/\/www.oldarte.com\/index.php\/paintings\/"]}]},{"@type":"BreadcrumbList","@id":"https:\/\/www.oldarte.com\/index.php\/paintings\/#breadcrumb","itemListElement":[{"@type":"ListItem","position":1,"name":"Anasayfa","item":"https:\/\/www.oldarte.com\/"},{"@type":"ListItem","position":2,"name":"Paintings"}]},{"@type":"WebSite","@id":"https:\/\/www.oldarte.com\/#website","url":"https:\/\/www.oldarte.com\/","name":"OldArte Restorations","description":"Restorations, Art, Antiques &amp; Auctions","publisher":{"@id":"https:\/\/www.oldarte.com\/#organization"},"potentialAction":[{"@type":"SearchAction","target":{"@type":"EntryPoint","urlTemplate":"https:\/\/www.oldarte.com\/?s={search_term_string}"},"query-input":"required name=search_term_string"}],"inLanguage":"tr"},{"@type":"Organization","@id":"https:\/\/www.oldarte.com\/#organization","name":"Restoration, Art, Antiques & Auctions","url":"https:\/\/www.oldarte.com\/","logo":{"@type":"ImageObject","inLanguage":"tr","@id":"https:\/\/www.oldarte.com\/#\/schema\/logo\/image\/","url":"https:\/\/www.oldarte.com\/wp-content\/uploads\/2023\/05\/simurg.png","contentUrl":"https:\/\/www.oldarte.com\/wp-content\/uploads\/2023\/05\/simurg.png","width":1350,"height":625,"caption":"Restoration, Art, Antiques & Auctions"},"image":{"@id":"https:\/\/www.oldarte.com\/#\/schema\/logo\/image\/"},"sameAs":["https:\/\/www.instagram.com\/oldarteofficial\/"]}]}},"_links":{"self":[{"href":"https:\/\/www.oldarte.com\/index.php\/wp-json\/wp\/v2\/pages\/859"}],"collection":[{"href":"https:\/\/www.oldarte.com\/index.php\/wp-json\/wp\/v2\/pages"}],"about":[{"href":"https:\/\/www.oldarte.com\/index.php\/wp-json\/wp\/v2\/types\/page"}],"author":[{"embeddable":true,"href":"https:\/\/www.oldarte.com\/index.php\/wp-json\/wp\/v2\/users\/3"}],"replies":[{"embeddable":true,"href":"https:\/\/www.oldarte.com\/index.php\/wp-json\/wp\/v2\/comments?post=859"}],"version-history":[{"count":12,"href":"https:\/\/www.oldarte.com\/index.php\/wp-json\/wp\/v2\/pages\/859\/revisions"}],"predecessor-version":[{"id":278288,"href":"https:\/\/www.oldarte.com\/index.php\/wp-json\/wp\/v2\/pages\/859\/revisions\/278288"}],"wp:attachment":[{"href":"https:\/\/www.oldarte.com\/index.php\/wp-json\/wp\/v2\/media?parent=859"}],"curies":[{"name":"wp","href":"https:\/\/api.w.org\/{rel}","templated":true}]}}